{"id":1985,"date":"2021-05-28T10:43:53","date_gmt":"2021-05-28T08:43:53","guid":{"rendered":"https:\/\/www.skopos.de\/?page_id=1985"},"modified":"2023-11-02T14:51:50","modified_gmt":"2023-11-02T13:51:50","slug":"imprint","status":"publish","type":"page","link":"https:\/\/www.skopos.de\/en\/imprint","title":{"rendered":"Imprint"},"content":{"rendered":"<section  class='av_textblock_section av-k0f63-0f91ec19ceea40b79b9ef5b45cee2c6c '   itemscope=\"itemscope\" itemtype=\"https:\/\/schema.org\/CreativeWork\" ><div class='avia_textblock'  itemprop=\"text\" ><h1>Imprint<\/h1>\n<\/div><\/section>\n<section  class='av_textblock_section av-kp82m6lm-992e417adf54458c5bf9cb24b8f68918 '   itemscope=\"itemscope\" itemtype=\"https:\/\/schema.org\/CreativeWork\" ><div class='avia_textblock'  itemprop=\"text\" ><p><strong>SKOPOS<\/strong><br \/>\nInstitut f\u00fcr Markt- und Kommunikationsforschung GmbH &amp; Co. KG<br \/>\nHans-B\u00f6ckler-Str. 163<br \/>\n50354 H\u00fcrth<br \/>\nFon: +49 (0) 2233 9988-880<br \/>\nFax: +49 (0) 2233 9988-111<br \/>\n<a href=\"mailto:mail@skopos.de\">mail@skopos.de<\/a><\/p>\n<p><strong>Managing Directors:<\/strong> Olaf Hofmann, Thomas Starsetzki<br \/>\n<strong>Authorised signatory: <\/strong>Jan Berlin, Marielle Schweizer<br \/>\n<strong>VAT ID No.<\/strong> DE246937000<br \/>\n<strong>Court of registration:<\/strong> K\u00f6ln, HRA 23176<\/p>\n<\/div><\/section>\n<section  class='av_textblock_section av-kp82mu3i-e72c960a49670d8a7363e3cdbfbb49a8 '   itemscope=\"itemscope\" itemtype=\"https:\/\/schema.org\/CreativeWork\" ><div class='avia_textblock'  itemprop=\"text\" ><p>Personally liable partner:<br \/>\n<strong>SKOPOS Verwaltungs-GmbH<br \/>\nCompany&#8217;s registered office<\/strong>: H\u00fcrth<br \/>\n<strong>Court of registration:<\/strong> K\u00f6ln, HRB 55959<br \/>\n<strong>Managing Directors:<\/strong> Olaf Hofmann, Thomas Starsetzki<\/p>\n<\/div><\/section>\n\n<style type=\"text\/css\" data-created_by=\"avia_inline_auto\" id=\"style-css-av-kp82n9uj-8a0326e488e477212167a57734ca46ac\">\n#top .hr.hr-invisible.av-kp82n9uj-8a0326e488e477212167a57734ca46ac{\nheight:20px;\n}\n<\/style>\n<div  class='hr av-kp82n9uj-8a0326e488e477212167a57734ca46ac hr-invisible  avia-builder-el-3  el_after_av_textblock  el_before_av_textblock '><span class='hr-inner '><span class=\"hr-inner-style\"><\/span><\/span><\/div>\n<section  class='av_textblock_section av-kp82nwot-27fed77d28eb7b10821ecb5c17b9304b '   itemscope=\"itemscope\" itemtype=\"https:\/\/schema.org\/CreativeWork\" ><div class='avia_textblock'  itemprop=\"text\" ><p><strong>Person responsible for content pursuant to Article 55 para. 2 of the Interstate\u00a0Broadcasting\u00a0Treaty (RStV):<\/strong> Thomas Starsetzki<\/p>\n<\/div><\/section>\n\n<style type=\"text\/css\" data-created_by=\"avia_inline_auto\" id=\"style-css-av-3tzw4b-f01ca5284bc9645133b68e9eff29407b\">\n#top .hr.hr-invisible.av-3tzw4b-f01ca5284bc9645133b68e9eff29407b{\nheight:20px;\n}\n<\/style>\n<div  class='hr av-3tzw4b-f01ca5284bc9645133b68e9eff29407b hr-invisible  avia-builder-el-5  el_after_av_textblock  avia-builder-el-last '><span class='hr-inner '><span class=\"hr-inner-style\"><\/span><\/span><\/div>\n","protected":false},"excerpt":{"rendered":"","protected":false},"author":1,"featured_media":0,"parent":0,"menu_order":80,"comment_status":"closed","ping_status":"closed","template":"","meta":{"inline_featured_image":false,"footnotes":""},"class_list":["post-1985","page","type-page","status-publish","hentry"],"yoast_head":"<!-- This site is optimized with the Yoast SEO plugin v27.2 - https:\/\/yoast.com\/product\/yoast-seo-wordpress\/ -->\n<title>Imprint | SKOPOS RESEARCH<\/title>\n<meta name=\"description\" content=\"SKOPOS Institut f\u00fcr Markt- und Kommunikationsforschung GmbH &amp; Co. KG Hans-B\u00f6ckler-Str. 163 50354 H\u00fcrth,Fon: +49 (0) 2233 9988-880\" \/>\n<meta name=\"robots\" content=\"index, follow, max-snippet:-1, max-image-preview:large, max-video-preview:-1\" \/>\n<link rel=\"canonical\" href=\"https:\/\/www.skopos.de\/en\/imprint\" \/>\n<meta property=\"og:locale\" content=\"en_US\" \/>\n<meta property=\"og:type\" content=\"article\" \/>\n<meta property=\"og:title\" content=\"Imprint | SKOPOS RESEARCH\" \/>\n<meta property=\"og:description\" content=\"SKOPOS Institut f\u00fcr Markt- und Kommunikationsforschung GmbH &amp; Co. KG Hans-B\u00f6ckler-Str. 163 50354 H\u00fcrth,Fon: +49 (0) 2233 9988-880\" \/>\n<meta property=\"og:url\" content=\"https:\/\/www.skopos.de\/en\/imprint\" \/>\n<meta property=\"og:site_name\" content=\"SKOPOS RESEARCH\" \/>\n<meta property=\"article:modified_time\" content=\"2023-11-02T13:51:50+00:00\" \/>\n<script type=\"application\/ld+json\" class=\"yoast-schema-graph\">{\"@context\":\"https:\/\/schema.org\",\"@graph\":[{\"@type\":\"WebPage\",\"@id\":\"https:\/\/www.skopos.de\/en\/imprint\",\"url\":\"https:\/\/www.skopos.de\/en\/imprint\",\"name\":\"Imprint | SKOPOS RESEARCH\",\"isPartOf\":{\"@id\":\"https:\/\/www.skopos.de\/en#website\"},\"datePublished\":\"2021-05-28T08:43:53+00:00\",\"dateModified\":\"2023-11-02T13:51:50+00:00\",\"description\":\"SKOPOS Institut f\u00fcr Markt- und Kommunikationsforschung GmbH & Co. KG Hans-B\u00f6ckler-Str. 163 50354 H\u00fcrth,Fon: +49 (0) 2233 9988-880\",\"breadcrumb\":{\"@id\":\"https:\/\/www.skopos.de\/en\/imprint#breadcrumb\"},\"inLanguage\":\"en-US\",\"potentialAction\":[{\"@type\":\"ReadAction\",\"target\":[\"https:\/\/www.skopos.de\/en\/imprint\"]}]},{\"@type\":\"BreadcrumbList\",\"@id\":\"https:\/\/www.skopos.de\/en\/imprint#breadcrumb\",\"itemListElement\":[{\"@type\":\"ListItem\",\"position\":1,\"name\":\"Startseite\",\"item\":\"https:\/\/www.skopos.de\/en\"},{\"@type\":\"ListItem\",\"position\":2,\"name\":\"Imprint\"}]},{\"@type\":\"WebSite\",\"@id\":\"https:\/\/www.skopos.de\/en#website\",\"url\":\"https:\/\/www.skopos.de\/en\",\"name\":\"SKOPOS RESEARCH\",\"description\":\"Marktforschung mit Mehrwert - f\u00fcr bessere Entscheidungen\",\"publisher\":{\"@id\":\"https:\/\/www.skopos.de\/en#organization\"},\"potentialAction\":[{\"@type\":\"SearchAction\",\"target\":{\"@type\":\"EntryPoint\",\"urlTemplate\":\"https:\/\/www.skopos.de\/en?s={search_term_string}\"},\"query-input\":{\"@type\":\"PropertyValueSpecification\",\"valueRequired\":true,\"valueName\":\"search_term_string\"}}],\"inLanguage\":\"en-US\"},{\"@type\":\"Organization\",\"@id\":\"https:\/\/www.skopos.de\/en#organization\",\"name\":\"SKOPOS GmbH & Co. KG\",\"url\":\"https:\/\/www.skopos.de\/en\",\"logo\":{\"@type\":\"ImageObject\",\"inLanguage\":\"en-US\",\"@id\":\"https:\/\/www.skopos.de\/en#\/schema\/logo\/image\/\",\"url\":\"https:\/\/www.skopos.de\/wp-content\/uploads\/2021\/01\/skopos_logo_300px_2.png\",\"contentUrl\":\"https:\/\/www.skopos.de\/wp-content\/uploads\/2021\/01\/skopos_logo_300px_2.png\",\"width\":300,\"height\":70,\"caption\":\"SKOPOS GmbH & Co. KG\"},\"image\":{\"@id\":\"https:\/\/www.skopos.de\/en#\/schema\/logo\/image\/\"}}]}<\/script>\n<!-- \/ Yoast SEO plugin. -->","yoast_head_json":{"title":"Imprint | SKOPOS RESEARCH","description":"SKOPOS Institut f\u00fcr Markt- und Kommunikationsforschung GmbH & Co. KG Hans-B\u00f6ckler-Str. 163 50354 H\u00fcrth,Fon: +49 (0) 2233 9988-880","robots":{"index":"index","follow":"follow","max-snippet":"max-snippet:-1","max-image-preview":"max-image-preview:large","max-video-preview":"max-video-preview:-1"},"canonical":"https:\/\/www.skopos.de\/en\/imprint","og_locale":"en_US","og_type":"article","og_title":"Imprint | SKOPOS RESEARCH","og_description":"SKOPOS Institut f\u00fcr Markt- und Kommunikationsforschung GmbH & Co. KG Hans-B\u00f6ckler-Str. 163 50354 H\u00fcrth,Fon: +49 (0) 2233 9988-880","og_url":"https:\/\/www.skopos.de\/en\/imprint","og_site_name":"SKOPOS RESEARCH","article_modified_time":"2023-11-02T13:51:50+00:00","schema":{"@context":"https:\/\/schema.org","@graph":[{"@type":"WebPage","@id":"https:\/\/www.skopos.de\/en\/imprint","url":"https:\/\/www.skopos.de\/en\/imprint","name":"Imprint | SKOPOS RESEARCH","isPartOf":{"@id":"https:\/\/www.skopos.de\/en#website"},"datePublished":"2021-05-28T08:43:53+00:00","dateModified":"2023-11-02T13:51:50+00:00","description":"SKOPOS Institut f\u00fcr Markt- und Kommunikationsforschung GmbH & Co. KG Hans-B\u00f6ckler-Str. 163 50354 H\u00fcrth,Fon: +49 (0) 2233 9988-880","breadcrumb":{"@id":"https:\/\/www.skopos.de\/en\/imprint#breadcrumb"},"inLanguage":"en-US","potentialAction":[{"@type":"ReadAction","target":["https:\/\/www.skopos.de\/en\/imprint"]}]},{"@type":"BreadcrumbList","@id":"https:\/\/www.skopos.de\/en\/imprint#breadcrumb","itemListElement":[{"@type":"ListItem","position":1,"name":"Startseite","item":"https:\/\/www.skopos.de\/en"},{"@type":"ListItem","position":2,"name":"Imprint"}]},{"@type":"WebSite","@id":"https:\/\/www.skopos.de\/en#website","url":"https:\/\/www.skopos.de\/en","name":"SKOPOS RESEARCH","description":"Marktforschung mit Mehrwert - f\u00fcr bessere Entscheidungen","publisher":{"@id":"https:\/\/www.skopos.de\/en#organization"},"potentialAction":[{"@type":"SearchAction","target":{"@type":"EntryPoint","urlTemplate":"https:\/\/www.skopos.de\/en?s={search_term_string}"},"query-input":{"@type":"PropertyValueSpecification","valueRequired":true,"valueName":"search_term_string"}}],"inLanguage":"en-US"},{"@type":"Organization","@id":"https:\/\/www.skopos.de\/en#organization","name":"SKOPOS GmbH & Co. KG","url":"https:\/\/www.skopos.de\/en","logo":{"@type":"ImageObject","inLanguage":"en-US","@id":"https:\/\/www.skopos.de\/en#\/schema\/logo\/image\/","url":"https:\/\/www.skopos.de\/wp-content\/uploads\/2021\/01\/skopos_logo_300px_2.png","contentUrl":"https:\/\/www.skopos.de\/wp-content\/uploads\/2021\/01\/skopos_logo_300px_2.png","width":300,"height":70,"caption":"SKOPOS GmbH & Co. KG"},"image":{"@id":"https:\/\/www.skopos.de\/en#\/schema\/logo\/image\/"}}]}},"_links":{"self":[{"href":"https:\/\/www.skopos.de\/en\/wp-json\/wp\/v2\/pages\/1985","targetHints":{"allow":["GET"]}}],"collection":[{"href":"https:\/\/www.skopos.de\/en\/wp-json\/wp\/v2\/pages"}],"about":[{"href":"https:\/\/www.skopos.de\/en\/wp-json\/wp\/v2\/types\/page"}],"author":[{"embeddable":true,"href":"https:\/\/www.skopos.de\/en\/wp-json\/wp\/v2\/users\/1"}],"replies":[{"embeddable":true,"href":"https:\/\/www.skopos.de\/en\/wp-json\/wp\/v2\/comments?post=1985"}],"version-history":[{"count":9,"href":"https:\/\/www.skopos.de\/en\/wp-json\/wp\/v2\/pages\/1985\/revisions"}],"predecessor-version":[{"id":11908,"href":"https:\/\/www.skopos.de\/en\/wp-json\/wp\/v2\/pages\/1985\/revisions\/11908"}],"wp:attachment":[{"href":"https:\/\/www.skopos.de\/en\/wp-json\/wp\/v2\/media?parent=1985"}],"curies":[{"name":"wp","href":"https:\/\/api.w.org\/{rel}","templated":true}]}}